{"id":51,"date":"2017-12-08T15:09:38","date_gmt":"2017-12-08T15:09:38","guid":{"rendered":"http:\/\/www.pulimentosmartin.com\/?page_id=51"},"modified":"2025-01-15T11:17:45","modified_gmt":"2025-01-15T11:17:45","slug":"contacto","status":"publish","type":"page","link":"https:\/\/pulimentosmartin.com\/?page_id=51","title":{"rendered":"Contacto"},"content":{"rendered":"<h1><\/h1>\n<h1 style=\"text-align: center;\"><span style=\"color: #000080;\">En Pulimentos Mart\u00edn estaremos encantados de recibir su llamada. Si est\u00e1 interesado en nuestros trabajos, no dude en contactarnos al <span style=\"color: #ffff00;\">687749674<\/span>. Adem\u00e1s, puede ponerse en contacto con nosotros en nuestro email: <span style=\"color: #ffff00;\">Pulimentosmartin@hotmail.com<\/span><\/span><\/h1>\n","protected":false},"excerpt":{"rendered":"<p>En Pulimentos Mart\u00edn estaremos encantados de recibir su llamada. Si est\u00e1 interesado en nuestros trabajos, no dude en contactarnos al 687749674. Adem\u00e1s, puede ponerse en contacto con nosotros en nuestro email: Pulimentosmartin@hotmail.com<\/p>\n","protected":false},"author":1,"featured_media":439,"parent":0,"menu_order":0,"comment_status":"closed","ping_status":"closed","template":"","meta":{"jetpack_post_was_ever_published":false,"_joinchat":[],"footnotes":""},"class_list":["post-51","page","type-page","status-publish","has-post-thumbnail","hentry"],"jetpack_sharing_enabled":true,"jetpack_shortlink":"https:\/\/wp.me\/P9tHnq-P","amp_enabled":true,"_links":{"self":[{"href":"https:\/\/pulimentosmartin.com\/index.php?rest_route=\/wp\/v2\/pages\/51","targetHints":{"allow":["GET"]}}],"collection":[{"href":"https:\/\/pulimentosmartin.com\/index.php?rest_route=\/wp\/v2\/pages"}],"about":[{"href":"https:\/\/pulimentosmartin.com\/index.php?rest_route=\/wp\/v2\/types\/page"}],"author":[{"embeddable":true,"href":"https:\/\/pulimentosmartin.com\/index.php?rest_route=\/wp\/v2\/users\/1"}],"replies":[{"embeddable":true,"href":"https:\/\/pulimentosmartin.com\/index.php?rest_route=%2Fwp%2Fv2%2Fcomments&post=51"}],"version-history":[{"count":5,"href":"https:\/\/pulimentosmartin.com\/index.php?rest_route=\/wp\/v2\/pages\/51\/revisions"}],"predecessor-version":[{"id":443,"href":"https:\/\/pulimentosmartin.com\/index.php?rest_route=\/wp\/v2\/pages\/51\/revisions\/443"}],"wp:featuredmedia":[{"embeddable":true,"href":"https:\/\/pulimentosmartin.com\/index.php?rest_route=\/wp\/v2\/media\/439"}],"wp:attachment":[{"href":"https:\/\/pulimentosmartin.com\/index.php?rest_route=%2Fwp%2Fv2%2Fmedia&parent=51"}],"curies":[{"name":"wp","href":"https:\/\/api.w.org\/{rel}","templated":true}]}}