{"id":2,"date":"2017-12-08T14:09:19","date_gmt":"2017-12-08T14:09:19","guid":{"rendered":"http:\/\/www.pulimentosmartin.com\/?page_id=2"},"modified":"2022-12-26T14:16:25","modified_gmt":"2022-12-26T14:16:25","slug":"pagina-ejemplo","status":"publish","type":"page","link":"https:\/\/pulimentosmartin.com\/","title":{"rendered":"Inicio"},"content":{"rendered":"<p><img loading=\"lazy\" decoding=\"async\" src=\"http:\/\/www.pulimentosmartin.com\/wp-content\/uploads\/2021\/04\/wp-1619122404889.jpg\" width=\"500\" height=\"500\" class=\"wp-image-234 alignnone size-full\" srcset=\"https:\/\/pulimentosmartin.com\/wp-content\/uploads\/2021\/04\/wp-1619122404889.jpg 500w, https:\/\/pulimentosmartin.com\/wp-content\/uploads\/2021\/04\/wp-1619122404889-300x300.jpg 300w, https:\/\/pulimentosmartin.com\/wp-content\/uploads\/2021\/04\/wp-1619122404889-150x150.jpg 150w, https:\/\/pulimentosmartin.com\/wp-content\/uploads\/2021\/04\/wp-1619122404889-230x230.jpg 230w, https:\/\/pulimentosmartin.com\/wp-content\/uploads\/2021\/04\/wp-1619122404889-350x350.jpg 350w, https:\/\/pulimentosmartin.com\/wp-content\/uploads\/2021\/04\/wp-1619122404889-480x480.jpg 480w\" sizes=\"auto, (max-width: 500px) 100vw, 500px\" \/><\/p>\n<p>Pulimentos Mart\u00edn es una empresa de M\u00e1laga fundada en 1990.<\/p>\n<p>Especialistas en tratamiento de todo tipo de pavimentos, m\u00e1rmol, terrazo\u2026<\/p>\n<p>Restauraci\u00f3n de suelos antiguos y todo tipo de piedra natural.<\/p>\n<p>Pulido y abrillantado de fachadas, encimeras, escaleras, mesas de m\u00e1rmol\u2026<\/p>\n<p>Especialistas en brillos mecanicos (mayor calidad) reduciendo tiempos de espera en el secado.<\/p>\n<p>Solicite informaci\u00f3n y en menos de 48 horas tendr\u00e1 un presupuesto acorde a sus necesidades.<\/p>\n<p>Nuestro lema es \u201cExperiencia y calidad cogidas de la mano\u201d.<\/p>\n","protected":false},"excerpt":{"rendered":"<p>Pulimentos Mart\u00edn es una empresa de M\u00e1laga fundada en 1990. Especialistas en tratamiento de todo tipo de pavimentos, m\u00e1rmol, terrazo\u2026 Restauraci\u00f3n de suelos antiguos y todo tipo de piedra natural. Pulido y abrillantado de fachadas, encimeras, escaleras, mesas de m\u00e1rmol\u2026 Especialistas en brillos mecanicos (mayor calidad) reduciendo tiempos de espera en el secado. Solicite informaci\u00f3n y en menos de 48 horas tendr\u00e1 un presupuesto acorde a sus necesidades. Nuestro lema es \u201cExperiencia y calidad cogidas de la mano\u201d.<\/p>\n","protected":false},"author":1,"featured_media":0,"parent":0,"menu_order":0,"comment_status":"closed","ping_status":"open","template":"","meta":{"jetpack_post_was_ever_published":false,"_joinchat":[],"footnotes":""},"class_list":["post-2","page","type-page","status-publish","hentry"],"jetpack_sharing_enabled":true,"jetpack_shortlink":"https:\/\/wp.me\/P9tHnq-2","amp_enabled":false,"_links":{"self":[{"href":"https:\/\/pulimentosmartin.com\/index.php?rest_route=\/wp\/v2\/pages\/2","targetHints":{"allow":["GET"]}}],"collection":[{"href":"https:\/\/pulimentosmartin.com\/index.php?rest_route=\/wp\/v2\/pages"}],"about":[{"href":"https:\/\/pulimentosmartin.com\/index.php?rest_route=\/wp\/v2\/types\/page"}],"author":[{"embeddable":true,"href":"https:\/\/pulimentosmartin.com\/index.php?rest_route=\/wp\/v2\/users\/1"}],"replies":[{"embeddable":true,"href":"https:\/\/pulimentosmartin.com\/index.php?rest_route=%2Fwp%2Fv2%2Fcomments&post=2"}],"version-history":[{"count":7,"href":"https:\/\/pulimentosmartin.com\/index.php?rest_route=\/wp\/v2\/pages\/2\/revisions"}],"predecessor-version":[{"id":317,"href":"https:\/\/pulimentosmartin.com\/index.php?rest_route=\/wp\/v2\/pages\/2\/revisions\/317"}],"wp:attachment":[{"href":"https:\/\/pulimentosmartin.com\/index.php?rest_route=%2Fwp%2Fv2%2Fmedia&parent=2"}],"curies":[{"name":"wp","href":"https:\/\/api.w.org\/{rel}","templated":true}]}}